{"id":1251,"date":"2022-06-23T16:53:04","date_gmt":"2022-06-23T14:53:04","guid":{"rendered":"https:\/\/jobboosterbenin.com\/?page_id=1251"},"modified":"2024-06-07T22:58:59","modified_gmt":"2024-06-07T22:58:59","slug":"for-young-people","status":"publish","type":"page","link":"https:\/\/jobboosterbenin.com\/en\/accueil\/pour-les-jeunes\/","title":{"rendered":"For young people"},"content":{"rendered":"<h4>\u00a0Appropriate offers<\/h4>\n<h2>What we do for young people<\/h2>\n<p>We offer a personalised service to young people in Burkina Faso to enable them to quickly find a suitable job with one of our clients. We always favour a long-term working relationship and pay particular attention to young people from disadvantaged situations.<\/p>\n<p>A few days' training, learning on the job or training that takes a little longer? We look for the perfect match, develop talents and match them to the specific demands of the labour market.<\/p>\n<h3>Long-term participation<\/h3>\n<p>After placement, we stay involved. We provide retraining further training and refresher training as part of  long-term partnership.<br \/>\nBecause young people are dynamic, a job is not an end station for them. We remain involved and together, time and again, we look for ways to make the  best use of their gifts and talents in their (independent) work.<\/p>\n<h3>Entrepreneurship<\/h3>\n<p>In addition, we offer training and skills to young people to make the step to self-employment.<\/p>\n<ul>\n<li>We guide young people in the development of business plans.<\/li>\n<li>Put them in touch with relevant expertise and support them in accessing finance.<\/li>\n<li>We do this with our financial partners, usually in the young person\u2019s country of residence.<\/li>\n<\/ul>\n<p>&nbsp;<\/p>\n<p>We remain involved and offer guidance in growth towards follow-up steps, such as becoming an employer.<\/p>","protected":false},"excerpt":{"rendered":"<p>\u00a0Offres appropri\u00e9es Ce que nous faisons pour les jeunes Nous offrons un service personnalis\u00e9 aux jeunes burkinab\u00e8 pour leur permettre de trouver rapidement un emploi appropri\u00e9 chez l&rsquo;un de nos clients. Nous privil\u00e9gions toujours une relation de travail \u00e0 long terme et nous accordons une attention particuli\u00e8re aux jeunes issus de situations d\u00e9favoris\u00e9es. Une formation [&hellip;]<\/p>\n","protected":false},"author":1,"featured_media":2688,"parent":2045,"menu_order":0,"comment_status":"closed","ping_status":"closed","template":"","meta":{"_acf_changed":false,"footnotes":""},"paginagroep":[37],"soort-pagina":[28],"class_list":["post-1251","page","type-page","status-publish","has-post-thumbnail","hentry","paginagroep-wat-bieden-wij","soort-pagina-standaard-contentpagina"],"acf":[],"_links":{"self":[{"href":"https:\/\/jobboosterbenin.com\/en\/wp-json\/wp\/v2\/pages\/1251","targetHints":{"allow":["GET"]}}],"collection":[{"href":"https:\/\/jobboosterbenin.com\/en\/wp-json\/wp\/v2\/pages"}],"about":[{"href":"https:\/\/jobboosterbenin.com\/en\/wp-json\/wp\/v2\/types\/page"}],"author":[{"embeddable":true,"href":"https:\/\/jobboosterbenin.com\/en\/wp-json\/wp\/v2\/users\/1"}],"replies":[{"embeddable":true,"href":"https:\/\/jobboosterbenin.com\/en\/wp-json\/wp\/v2\/comments?post=1251"}],"version-history":[{"count":4,"href":"https:\/\/jobboosterbenin.com\/en\/wp-json\/wp\/v2\/pages\/1251\/revisions"}],"predecessor-version":[{"id":2653,"href":"https:\/\/jobboosterbenin.com\/en\/wp-json\/wp\/v2\/pages\/1251\/revisions\/2653"}],"up":[{"embeddable":true,"href":"https:\/\/jobboosterbenin.com\/en\/wp-json\/wp\/v2\/pages\/2045"}],"wp:featuredmedia":[{"embeddable":true,"href":"https:\/\/jobboosterbenin.com\/en\/wp-json\/wp\/v2\/media\/2688"}],"wp:attachment":[{"href":"https:\/\/jobboosterbenin.com\/en\/wp-json\/wp\/v2\/media?parent=1251"}],"wp:term":[{"taxonomy":"paginagroep","embeddable":true,"href":"https:\/\/jobboosterbenin.com\/en\/wp-json\/wp\/v2\/paginagroep?post=1251"},{"taxonomy":"soort-pagina","embeddable":true,"href":"https:\/\/jobboosterbenin.com\/en\/wp-json\/wp\/v2\/soort-pagina?post=1251"}],"curies":[{"name":"wp","href":"https:\/\/api.w.org\/{rel}","templated":true}]}}