{"id":1251,"date":"2022-06-23T16:53:04","date_gmt":"2022-06-23T14:53:04","guid":{"rendered":"https:\/\/jobboosterbenin.com\/?page_id=1251"},"modified":"2024-06-07T22:58:59","modified_gmt":"2024-06-07T22:58:59","slug":"voor-jongeren","status":"publish","type":"page","link":"https:\/\/jobboosterbenin.com\/nl\/accueil\/pour-les-jeunes\/","title":{"rendered":"Voor jongeren"},"content":{"rendered":"<h4>\u00a0Maatwerk<\/h4>\n<h2>Wat wij doen voor jongeren<\/h2>\n<p>Wij bieden een persoonlijke service aan jongeren in Burkina Faso zodat zij snel een passende baan kunnen vinden bij een van onze klanten. Wij zijn altijd voorstander van een langdurige werkrelatie en besteden bijzondere aandacht aan jongeren uit kansarme situaties.<\/p>\n<p>Een opleiding van een paar dagen, learning on the job of een opleiding die wat langer duurt? Wij zoeken de perfecte match, ontwikkelen talenten en stemmen ze af op de specifieke eisen van de arbeidsmarkt.<\/p>\n<h3>Deelname op lange termijn<\/h3>\n<p>Na plaatsing blijven we betrokken. Hertrainen, omscholen en bijscholen verzorgen we vanuit een langdurig partnership.<br \/>\nOmdat jongeren dynamisch zijn, is een baan is voor hen geen eindstation. Wij blijven betrokken en zoeken samen, steeds opnieuw, hoe hun gaven en talenten het beste tot hun recht komen in (zelfstandig) werk.<\/p>\n<h3>Zelfstandig ondernemerschap<\/h3>\n<p>Daarnaast bieden we training en vaardigheden aan jongeren om de stap te maken naar zelfstandig ondernemerschap.<\/p>\n<ul>\n<li>We begeleiden de ontwikkeling van businessplannen<\/li>\n<li>Brengen hen in contact met relevante expertise en ondersteunen hen bij toegang tot financiering.<\/li>\n<li>Dit doen wij met onze financi\u00eble partners, veelal in de landen zelf.<\/li>\n<\/ul>\n<p>&nbsp;<\/p>\n<p>We blijven betrokken en bieden begeleiding bij groei naar vervolgstappen, zoals werkgeverschap.<\/p>","protected":false},"excerpt":{"rendered":"<p>\u00a0Offres appropri\u00e9es Ce que nous faisons pour les jeunes Nous offrons un service personnalis\u00e9 aux jeunes burkinab\u00e8 pour leur permettre de trouver rapidement un emploi appropri\u00e9 chez l&rsquo;un de nos clients. Nous privil\u00e9gions toujours une relation de travail \u00e0 long terme et nous accordons une attention particuli\u00e8re aux jeunes issus de situations d\u00e9favoris\u00e9es. Une formation [&hellip;]<\/p>\n","protected":false},"author":1,"featured_media":2688,"parent":2045,"menu_order":0,"comment_status":"closed","ping_status":"closed","template":"","meta":{"_acf_changed":false,"footnotes":""},"paginagroep":[37],"soort-pagina":[28],"class_list":["post-1251","page","type-page","status-publish","has-post-thumbnail","hentry","paginagroep-wat-bieden-wij","soort-pagina-standaard-contentpagina"],"acf":[],"_links":{"self":[{"href":"https:\/\/jobboosterbenin.com\/nl\/wp-json\/wp\/v2\/pages\/1251","targetHints":{"allow":["GET"]}}],"collection":[{"href":"https:\/\/jobboosterbenin.com\/nl\/wp-json\/wp\/v2\/pages"}],"about":[{"href":"https:\/\/jobboosterbenin.com\/nl\/wp-json\/wp\/v2\/types\/page"}],"author":[{"embeddable":true,"href":"https:\/\/jobboosterbenin.com\/nl\/wp-json\/wp\/v2\/users\/1"}],"replies":[{"embeddable":true,"href":"https:\/\/jobboosterbenin.com\/nl\/wp-json\/wp\/v2\/comments?post=1251"}],"version-history":[{"count":4,"href":"https:\/\/jobboosterbenin.com\/nl\/wp-json\/wp\/v2\/pages\/1251\/revisions"}],"predecessor-version":[{"id":2653,"href":"https:\/\/jobboosterbenin.com\/nl\/wp-json\/wp\/v2\/pages\/1251\/revisions\/2653"}],"up":[{"embeddable":true,"href":"https:\/\/jobboosterbenin.com\/nl\/wp-json\/wp\/v2\/pages\/2045"}],"wp:featuredmedia":[{"embeddable":true,"href":"https:\/\/jobboosterbenin.com\/nl\/wp-json\/wp\/v2\/media\/2688"}],"wp:attachment":[{"href":"https:\/\/jobboosterbenin.com\/nl\/wp-json\/wp\/v2\/media?parent=1251"}],"wp:term":[{"taxonomy":"paginagroep","embeddable":true,"href":"https:\/\/jobboosterbenin.com\/nl\/wp-json\/wp\/v2\/paginagroep?post=1251"},{"taxonomy":"soort-pagina","embeddable":true,"href":"https:\/\/jobboosterbenin.com\/nl\/wp-json\/wp\/v2\/soort-pagina?post=1251"}],"curies":[{"name":"wp","href":"https:\/\/api.w.org\/{rel}","templated":true}]}}