{"id":1253,"date":"2022-06-23T16:53:19","date_gmt":"2022-06-23T14:53:19","guid":{"rendered":"https:\/\/jobboosterbenin.com\/?page_id=1253"},"modified":"2024-06-07T22:58:40","modified_gmt":"2024-06-07T22:58:40","slug":"voor-organisaties","status":"publish","type":"page","link":"https:\/\/jobboosterbenin.com\/nl\/accueil\/pour-les-organisations\/","title":{"rendered":"Voor organisaties"},"content":{"rendered":"<h4>Focus op lange termijn<\/h4>\n<h2>Wat wij doen voor organisaties<\/h2>\n<p>Voor organisaties bieden we toegang tot honderden gemotiveerde en specifiek (vanuit de marktvraag) getrainde jongeren die startklaar zijn om de organisatie verder te helpen, met focus op de lange-termijn.<\/p>\n<p>Na plaatsing blijven we betrokken. Hertrainen, omscholen en bijscholen verzorgen we vanuit een langdurig partnership. Zo versterken we de HR-praktijk van bedrijven en stimuleren we duurzame inzetbaarheid en een lange-termijnwerkrelatie.<\/p>\n<p>We begeleiden jongeren gedurende lange tijd met hun carri\u00e8re. Ervaring leert dat werknemers ondernemers worden, en andersom. Wij zijn verbonden met beide groepen en zorgen steeds opnieuw voor de juiste match.<\/p>\n<p>Ons doel? Lange termijn impact: zodat mensen, organisaties \u00e9n samenlevingen tot bloei komen.<\/p>","protected":false},"excerpt":{"rendered":"<p>Engagement \u00e0 long terme Ce que nous faisons pour les organisations Nous voulons pr\u00e9senter aux entreprises des centaines de jeunes employ\u00e9s motiv\u00e9s et dot\u00e9s d\u2019une formation ad\u00e9quate qui sont en mesure de r\u00e9pondre aux besoins des entreprises. Tout cela dans une perspective \u00e0 long terme. Nous restons impliqu\u00e9s apr\u00e8s le placement. Nous assurons le recyclage, [&hellip;]<\/p>\n","protected":false},"author":1,"featured_media":2643,"parent":2045,"menu_order":0,"comment_status":"closed","ping_status":"closed","template":"","meta":{"_acf_changed":false,"footnotes":""},"paginagroep":[37],"soort-pagina":[28],"class_list":["post-1253","page","type-page","status-publish","has-post-thumbnail","hentry","paginagroep-wat-bieden-wij","soort-pagina-standaard-contentpagina"],"acf":[],"_links":{"self":[{"href":"https:\/\/jobboosterbenin.com\/nl\/wp-json\/wp\/v2\/pages\/1253","targetHints":{"allow":["GET"]}}],"collection":[{"href":"https:\/\/jobboosterbenin.com\/nl\/wp-json\/wp\/v2\/pages"}],"about":[{"href":"https:\/\/jobboosterbenin.com\/nl\/wp-json\/wp\/v2\/types\/page"}],"author":[{"embeddable":true,"href":"https:\/\/jobboosterbenin.com\/nl\/wp-json\/wp\/v2\/users\/1"}],"replies":[{"embeddable":true,"href":"https:\/\/jobboosterbenin.com\/nl\/wp-json\/wp\/v2\/comments?post=1253"}],"version-history":[{"count":4,"href":"https:\/\/jobboosterbenin.com\/nl\/wp-json\/wp\/v2\/pages\/1253\/revisions"}],"predecessor-version":[{"id":2588,"href":"https:\/\/jobboosterbenin.com\/nl\/wp-json\/wp\/v2\/pages\/1253\/revisions\/2588"}],"up":[{"embeddable":true,"href":"https:\/\/jobboosterbenin.com\/nl\/wp-json\/wp\/v2\/pages\/2045"}],"wp:featuredmedia":[{"embeddable":true,"href":"https:\/\/jobboosterbenin.com\/nl\/wp-json\/wp\/v2\/media\/2643"}],"wp:attachment":[{"href":"https:\/\/jobboosterbenin.com\/nl\/wp-json\/wp\/v2\/media?parent=1253"}],"wp:term":[{"taxonomy":"paginagroep","embeddable":true,"href":"https:\/\/jobboosterbenin.com\/nl\/wp-json\/wp\/v2\/paginagroep?post=1253"},{"taxonomy":"soort-pagina","embeddable":true,"href":"https:\/\/jobboosterbenin.com\/nl\/wp-json\/wp\/v2\/soort-pagina?post=1253"}],"curies":[{"name":"wp","href":"https:\/\/api.w.org\/{rel}","templated":true}]}}