{"id":2089,"date":"2022-08-15T14:09:58","date_gmt":"2022-08-15T12:09:58","guid":{"rendered":"https:\/\/jobboosterbenin.com\/?page_id=2089"},"modified":"2024-06-07T22:57:45","modified_gmt":"2024-06-07T22:57:45","slug":"onze-aanpak","status":"publish","type":"page","link":"https:\/\/jobboosterbenin.com\/nl\/accueil\/notre-approche\/","title":{"rendered":"Onze werkwijze"},"content":{"rendered":"<h4>Vraag en aanbod verbinden<\/h4>\n<h2>Hier staan wij voor<\/h2>\n<p>Wij geloven dat ieder mens geschapen is met unieke gaven en talenten. Wij geloven dat ieder mens deze gaven en talenten kan gebruiken ten goede van de samenleving.<br \/>\nIn veel lage- en middeninkomenslanden zien we dat talent niet of onvoldoende tot ontwikkeling komt en organisaties onvoldoende in staat zijn het juiste talent te vinden en te binden.<\/p>\n<p>Wij ontwikkelen talentvolle jongeren \u00e9n maken de match tussen talent en openingen in de markt. Zo helpen we jongeren \u00e9n organisaties graag een stap verder!<\/p>\n<p>Wij zijn inclusief: voor minderbedeelde en achtergestelde groepen gaan we graag een stap verder.<\/p>\n<p>Als social enterprise verbinden vraag en aanbod op de arbeidsmarkt en zorgen zo voor de juiste match.<\/p>","protected":false},"excerpt":{"rendered":"<p>Harmoniser l&rsquo;offre et la demande Nos principes Nous croyons que chaque \u00eatre humain est cr\u00e9\u00e9 avec des dons et des talents uniques. Nous croyons que chaque personne peut utiliser ces dons et ces talents au profit de la soci\u00e9t\u00e9. Nous constatons que, dans de nombreux pays \u00e0 revenu faible ou interm\u00e9diaire, les talents ne sont [&hellip;]<\/p>\n","protected":false},"author":1,"featured_media":2654,"parent":2045,"menu_order":0,"comment_status":"closed","ping_status":"closed","template":"","meta":{"_acf_changed":false,"footnotes":""},"paginagroep":[37],"soort-pagina":[28],"class_list":["post-2089","page","type-page","status-publish","has-post-thumbnail","hentry","paginagroep-wat-bieden-wij","soort-pagina-standaard-contentpagina"],"acf":[],"_links":{"self":[{"href":"https:\/\/jobboosterbenin.com\/nl\/wp-json\/wp\/v2\/pages\/2089","targetHints":{"allow":["GET"]}}],"collection":[{"href":"https:\/\/jobboosterbenin.com\/nl\/wp-json\/wp\/v2\/pages"}],"about":[{"href":"https:\/\/jobboosterbenin.com\/nl\/wp-json\/wp\/v2\/types\/page"}],"author":[{"embeddable":true,"href":"https:\/\/jobboosterbenin.com\/nl\/wp-json\/wp\/v2\/users\/1"}],"replies":[{"embeddable":true,"href":"https:\/\/jobboosterbenin.com\/nl\/wp-json\/wp\/v2\/comments?post=2089"}],"version-history":[{"count":5,"href":"https:\/\/jobboosterbenin.com\/nl\/wp-json\/wp\/v2\/pages\/2089\/revisions"}],"predecessor-version":[{"id":3029,"href":"https:\/\/jobboosterbenin.com\/nl\/wp-json\/wp\/v2\/pages\/2089\/revisions\/3029"}],"up":[{"embeddable":true,"href":"https:\/\/jobboosterbenin.com\/nl\/wp-json\/wp\/v2\/pages\/2045"}],"wp:featuredmedia":[{"embeddable":true,"href":"https:\/\/jobboosterbenin.com\/nl\/wp-json\/wp\/v2\/media\/2654"}],"wp:attachment":[{"href":"https:\/\/jobboosterbenin.com\/nl\/wp-json\/wp\/v2\/media?parent=2089"}],"wp:term":[{"taxonomy":"paginagroep","embeddable":true,"href":"https:\/\/jobboosterbenin.com\/nl\/wp-json\/wp\/v2\/paginagroep?post=2089"},{"taxonomy":"soort-pagina","embeddable":true,"href":"https:\/\/jobboosterbenin.com\/nl\/wp-json\/wp\/v2\/soort-pagina?post=2089"}],"curies":[{"name":"wp","href":"https:\/\/api.w.org\/{rel}","templated":true}]}}