{"id":35,"date":"2022-04-06T15:31:42","date_gmt":"2022-04-06T13:31:42","guid":{"rendered":"https:\/\/jobboosterbenin.com\/?page_id=35"},"modified":"2024-06-08T16:54:06","modified_gmt":"2024-06-08T16:54:06","slug":"presentatie","status":"publish","type":"page","link":"https:\/\/jobboosterbenin.com\/nl\/presentation\/","title":{"rendered":"Presentatie"},"content":{"rendered":"\t\t<div data-elementor-type=\"wp-page\" data-elementor-id=\"35\" class=\"elementor elementor-35\" data-elementor-post-type=\"page\">\n\t\t\t\t\t\t<section class=\"elementor-section elementor-top-section elementor-element elementor-element-70826da elementor-section-height-min-height elementor-section-boxed elementor-section-height-default elementor-section-items-middle\" data-id=\"70826da\" data-element_type=\"section\" data-e-type=\"section\" data-settings=\"{&quot;background_background&quot;:&quot;classic&quot;,&quot;shape_divider_bottom_negative&quot;:&quot;yes&quot;,&quot;shape_divider_bottom&quot;:&quot;curve-asymmetrical&quot;}\">\n\t\t\t\t\t\t\t<div class=\"elementor-background-overlay\"><\/div>\n\t\t\t\t\t\t<div class=\"elementor-shape elementor-shape-bottom\" aria-hidden=\"true\" data-negative=\"true\">\n\t\t\t<svg xmlns=\"http:\/\/www.w3.org\/2000\/svg\" viewBox=\"0 0 1000 100\" preserveAspectRatio=\"none\">\n\t<path class=\"elementor-shape-fill\" d=\"M615.2,96.7C240.2,97.8,0,18.9,0,0v100h1000V0C1000,19.2,989.8,96,615.2,96.7z\"\/>\n<\/svg>\t\t<\/div>\n\t\t\t\t\t<div class=\"elementor-container elementor-column-gap-default\">\n\t\t\t\t\t<div class=\"elementor-column elementor-col-100 elementor-top-column elementor-element elementor-element-4350421\" data-id=\"4350421\" data-element_type=\"column\" data-e-type=\"column\">\n\t\t\t<div class=\"elementor-widget-wrap elementor-element-populated\">\n\t\t\t\t\t\t<div class=\"elementor-element elementor-element-183bf05 elementor-widget elementor-widget-heading\" data-id=\"183bf05\" data-element_type=\"widget\" data-e-type=\"widget\" data-widget_type=\"heading.default\">\n\t\t\t\t<div class=\"elementor-widget-container\">\n\t\t\t\t\t<h3 class=\"elementor-heading-title elementor-size-default\">Un travail digne et inclusif<\/h3>\t\t\t\t<\/div>\n\t\t\t\t<\/div>\n\t\t\t\t<div class=\"elementor-element elementor-element-e95a656 elementor-widget elementor-widget-heading\" data-id=\"e95a656\" data-element_type=\"widget\" data-e-type=\"widget\" data-widget_type=\"heading.default\">\n\t\t\t\t<div class=\"elementor-widget-container\">\n\t\t\t\t\t<h1 class=\"elementor-heading-title elementor-size-default\">Pr\u00e9sentation<\/h1>\t\t\t\t<\/div>\n\t\t\t\t<\/div>\n\t\t\t\t\t<\/div>\n\t\t<\/div>\n\t\t\t\t\t<\/div>\n\t\t<\/section>\n\t\t\t\t<section class=\"elementor-section elementor-top-section elementor-element elementor-element-37fe858 elementor-section-boxed elementor-section-height-default elementor-section-height-default\" data-id=\"37fe858\" data-element_type=\"section\" data-e-type=\"section\" data-settings=\"{&quot;background_background&quot;:&quot;classic&quot;}\">\n\t\t\t\t\t\t\t<div class=\"elementor-background-overlay\"><\/div>\n\t\t\t\t\t\t\t<div class=\"elementor-container elementor-column-gap-default\">\n\t\t\t\t\t<div class=\"elementor-column elementor-col-50 elementor-top-column elementor-element elementor-element-f4a8f9b\" data-id=\"f4a8f9b\" data-element_type=\"column\" data-e-type=\"column\">\n\t\t\t<div class=\"elementor-widget-wrap elementor-element-populated\">\n\t\t\t\t\t\t<div class=\"elementor-element elementor-element-f5f6da6 elementor-widget elementor-widget-text-editor\" data-id=\"f5f6da6\" data-element_type=\"widget\" data-e-type=\"widget\" data-widget_type=\"text-editor.default\">\n\t\t\t\t<div class=\"elementor-widget-container\">\n\t\t\t\t\t\t\t\t\t<h4>Impact \u00e0 long terme<\/h4>\n<h2>Qui sommes-nous?<\/h2>\n<p>Job Booster Social Enterprise Benin (JBSE-B\u00e9nin) est une Soci\u00e9t\u00e9 \u00e0 Responsabilit\u00e9 Limit\u00e9e (SARL), filiale de JOB BOOSTER NEDERLAND BV qui est une initiative de la Fondation N\u00e9\u00e9rlandaise Woord en Daad bas\u00e9e aux Pays-Bas. En tant qu&rsquo;organisation chr\u00e9tienne, Woord en Daad relie les gens du monde entier dans leurs efforts pour vaincre la pauvret\u00e9 et r\u00e9aliser une existence digne pour chaque individu. Dans les pays b\u00e9n\u00e9ficiaires de son Programme d\u00e9nomm\u00e9 \u2018\u2019Job Booster\u2019\u2019, Woord en Daad g\u00e8re simultan\u00e9ment des projets d\u2019emploi et de formation qui am\u00e9liorent l\u2019environnement propice pour l\u2019emploi d\u00e9cent par le renforcement des institutions d\u2019Enseignement et de Formation Technique et Professionnelle (EFTP), le plaidoyer et des projets suppl\u00e9mentaires pour inclure les groupes marginalis\u00e9s.<\/p>\n<p>En effet, pour p\u00e9renniser les acquis des diff\u00e9rents projets financ\u00e9s et accroitre l\u2019impact social dans les pays d\u2019intervention, la Fondation, \u00e0 travers, Job Booster Nederland B.V, met en place \u2018\u2019Job Booster Enterprise\u2019\u2019, qui est une entreprise sociale. Ainsi, Job Booster Enterprise existe actuellement dans cinq (5) pays au monde : Inde, Philippines, Burkina-Faso, Tchad et B\u00e9nin. Le processus d\u2019installation est en cours au Bangladesh.<\/p>\n<p>Job Booster Social Enterprise B\u00e9nin (JBSE-B\u00e9nin) est cr\u00e9\u00e9e au B\u00e9nin le 08 octobre 2023 pour r\u00e9pondre aux d\u00e9fis pressants li\u00e9s au ch\u00f4mage des jeunes et \u00e0 la faible participation entrepreneuriale des jeunes, les femmes et les populations vuln\u00e9rables ainsi pour booster le r\u00e9sultat de tous les acteurs \u00e9conomiques du B\u00e9nin. Elle se distingue par son approche bas\u00e9e sur la promotion de l&#8217;emploi digne et de l&rsquo;entrepreneuriat des jeunes et des femmes au B\u00e9nin, \u00e0 travers le d\u00e9veloppement et la promotion des initiatives entrepreneuriales innovantes.<\/p>\n<p>JBSE-B\u00e9nin est caract\u00e9ris\u00e9e par sa noble mission, sa vision claire, ses objectifs SMART (Simples, Mesurables Atteignables, R\u00e9alisables et Temporels), ses principaux domaines d\u2019intervention qui touchent pratiquement tous les secteurs phares de l\u2019\u00e9conomie b\u00e9ninoise et surtout les bonnes valeurs qu\u2019elle promeut.<\/p>\n<p>&nbsp;<\/p>\n<h2>Notre vision<\/h2>\n<p>La vision de JBSE-B\u00e9nin est de faire du B\u00e9nin, un pays prosp\u00e8re o\u00f9 chaque individu a acc\u00e8s \u00e0 des opportunit\u00e9s d&#8217;emploi digne, \u00e0 un environnement saint et favorable au d\u00e9veloppement des initiatives entrepreneuriales et \u00e0 une vie \u00e9panouie.<\/p>\n<h2>Notre mission<\/h2>\n<p>La mission principale de JBSE-B\u00e9nin est de stimuler le d\u00e9veloppement \u00e9conomique et social du B\u00e9nin, \u00e0 travers la promotion de l\u2019emploi digne, de l\u2019entrepreneuriat des jeunes et des femmes et le d\u00e9veloppement des expertises \u00e9conomiques et financi\u00e8res.<\/p>\n<h2>Notre objectif<\/h2>\n<p>Job Booster Social Enterprise B\u00e9nin (JBSE-B\u00e9nin) a pour objectif de booster le d\u00e9veloppement socio\u00e9conomique du B\u00e9nin \u00e0 travers la promotion de l\u2019emploi digne, de l\u2019entrepreneuriat des jeunes et des femmes et en apportant des solutions efficaces et durables aux besoins et attentes de tous les acteurs \u00e9conomiques du B\u00e9nin.<\/p>\n<p>De fa\u00e7on sp\u00e9cifique, elle s\u2019engage \u00e0\u00a0:<\/p>\n<ul>\n<li>Faciliter l&rsquo;acc\u00e8s des jeunes, des femmes et des individus de tous les horizons socio\u00e9conomiques du B\u00e9nin ainsi que d&rsquo;autres groupes marginalis\u00e9s \u00e0 des emplois dignes et \u00e0 un mieux-\u00eatre\u00a0;<\/li>\n<li>Renforcer les comp\u00e9tences des jeunes, des entrepreneurs et des travailleurs pour faciliter leur adaptation aux exigences du march\u00e9 et pour booster leur comp\u00e9titivit\u00e9 sur le march\u00e9 national et international\u00a0;<\/li>\n<li>Soutenir le d\u00e9veloppement des initiatives entrepreneuriales des jeunes et des femmes, en fournissant des appuis de qualit\u00e9, des formations professionnelles, techniques et sp\u00e9cifiques ainsi que des techniques et des opportunit\u00e9s de mise en r\u00e9seau\u00a0;<\/li>\n<li>Collaborer avec les pouvoirs publics, les partenaires techniques et financiers, les entreprises du secteur public et priv\u00e9 pour la cr\u00e9ation d\u2019un \u00e9cosyst\u00e8me favorable \u00e0 la croissance \u00e9conomique, \u00e0 la cr\u00e9ation d&#8217;emplois\u00a0durable et de richesse ainsi qu\u2019au d\u00e9veloppement du B\u00e9nin ;<\/li>\n<li>Encourager et faciliter la mise en \u0153uvre et le suivi des projets et programmes de la diaspora b\u00e9ninoise, \u00e0 travers un partenariat ax\u00e9 sur des valeurs cardinales.<\/li>\n<\/ul>\n\t\t\t\t\t\t\t\t<\/div>\n\t\t\t\t<\/div>\n\t\t\t\t<div class=\"elementor-element elementor-element-deeb35b elementor-align-right elementor-widget__width-auto elementor-widget elementor-widget-button\" data-id=\"deeb35b\" data-element_type=\"widget\" data-e-type=\"widget\" data-widget_type=\"button.default\">\n\t\t\t\t<div class=\"elementor-widget-container\">\n\t\t\t\t\t\t\t\t\t<div class=\"elementor-button-wrapper\">\n\t\t\t\t\t<a class=\"elementor-button elementor-button-link elementor-size-md\" href=\"https:\/\/jobboosterbenin.com\/presentation\/\">\n\t\t\t\t\t\t<span class=\"elementor-button-content-wrapper\">\n\t\t\t\t\t\t<span class=\"elementor-button-icon\">\n\t\t\t\t<i aria-hidden=\"true\" class=\"fas fa-angle-double-right\"><\/i>\t\t\t<\/span>\n\t\t\t\t\t\t\t\t\t<span class=\"elementor-button-text\">Pr\u00e9sentation<\/span>\n\t\t\t\t\t<\/span>\n\t\t\t\t\t<\/a>\n\t\t\t\t<\/div>\n\t\t\t\t\t\t\t\t<\/div>\n\t\t\t\t<\/div>\n\t\t\t\t<div class=\"elementor-element elementor-element-2209529 elementor-widget-divider--view-line elementor-widget elementor-widget-divider\" data-id=\"2209529\" data-element_type=\"widget\" data-e-type=\"widget\" data-widget_type=\"divider.default\">\n\t\t\t\t<div class=\"elementor-widget-container\">\n\t\t\t\t\t\t\t<div class=\"elementor-divider\">\n\t\t\t<span class=\"elementor-divider-separator\">\n\t\t\t\t\t\t<\/span>\n\t\t<\/div>\n\t\t\t\t\t\t<\/div>\n\t\t\t\t<\/div>\n\t\t\t\t<div class=\"elementor-element elementor-element-af0cce7 elementor-widget elementor-widget-heading\" data-id=\"af0cce7\" data-element_type=\"widget\" data-e-type=\"widget\" data-widget_type=\"heading.default\">\n\t\t\t\t<div class=\"elementor-widget-container\">\n\t\t\t\t\t<h2 class=\"elementor-heading-title elementor-size-default\">En savoir plus sur nous:<\/h2>\t\t\t\t<\/div>\n\t\t\t\t<\/div>\n\t\t\t\t<div class=\"elementor-element elementor-element-ded2d4a elementor-posts--thumbnail-none elementor-posts--align-left elementor-posts__hover-none elementor-grid-3 elementor-grid-tablet-2 elementor-grid-mobile-1 elementor-widget elementor-widget-posts\" data-id=\"ded2d4a\" data-element_type=\"widget\" data-e-type=\"widget\" data-settings=\"{&quot;cards_row_gap&quot;:{&quot;unit&quot;:&quot;px&quot;,&quot;size&quot;:3,&quot;sizes&quot;:[]},&quot;cards_columns&quot;:&quot;3&quot;,&quot;cards_columns_tablet&quot;:&quot;2&quot;,&quot;cards_columns_mobile&quot;:&quot;1&quot;,&quot;cards_row_gap_tablet&quot;:{&quot;unit&quot;:&quot;px&quot;,&quot;size&quot;:&quot;&quot;,&quot;sizes&quot;:[]},&quot;cards_row_gap_mobile&quot;:{&quot;unit&quot;:&quot;px&quot;,&quot;size&quot;:&quot;&quot;,&quot;sizes&quot;:[]}}\" data-widget_type=\"posts.cards\">\n\t\t\t\t<div class=\"elementor-widget-container\">\n\t\t\t\t\t\t\t<div class=\"elementor-posts-container elementor-posts elementor-posts--skin-cards elementor-grid\" role=\"list\">\n\t\t\t\t<article class=\"elementor-post elementor-grid-item post-1079 page type-page status-publish has-post-thumbnail hentry paginagroep-over-ons\" role=\"listitem\">\n\t\t\t<div class=\"elementor-post__card\">\n\t\t\t\t<div class=\"elementor-post__text\">\n\t\t\t\t<h3 class=\"elementor-post__title\">\n\t\t\t<a href=\"https:\/\/jobboosterbenin.com\/nl\/presentation\/equipe\/\" >\n\t\t\t\tNotre \u00c9quipe\t\t\t<\/a>\n\t\t<\/h3>\n\t\t\n\t\t<a class=\"elementor-post__read-more\" href=\"https:\/\/jobboosterbenin.com\/nl\/presentation\/equipe\/\" aria-label=\"Lees meer over Notre \u00c9quipe\" tabindex=\"-1\" >\n\t\t\tLire la suite \u00bb\t\t<\/a>\n\n\t\t\t\t<\/div>\n\t\t\t\t\t<\/div>\n\t\t<\/article>\n\t\t\t\t<article class=\"elementor-post elementor-grid-item post-35 page type-page status-publish has-post-thumbnail hentry paginagroep-over-ons\" role=\"listitem\">\n\t\t\t<div class=\"elementor-post__card\">\n\t\t\t\t<div class=\"elementor-post__text\">\n\t\t\t\t<h3 class=\"elementor-post__title\">\n\t\t\t<a href=\"https:\/\/jobboosterbenin.com\/nl\/presentation\/\" >\n\t\t\t\tPr\u00e9sentation\t\t\t<\/a>\n\t\t<\/h3>\n\t\t\n\t\t<a class=\"elementor-post__read-more\" href=\"https:\/\/jobboosterbenin.com\/nl\/presentation\/\" aria-label=\"Lees meer over Pr\u00e9sentation\" tabindex=\"-1\" >\n\t\t\tLire la suite \u00bb\t\t<\/a>\n\n\t\t\t\t<\/div>\n\t\t\t\t\t<\/div>\n\t\t<\/article>\n\t\t\t\t<\/div>\n\t\t\n\t\t\t\t\t\t<\/div>\n\t\t\t\t<\/div>\n\t\t\t\t<div class=\"elementor-element elementor-element-837e75e elementor-widget elementor-widget-post-navigation\" data-id=\"837e75e\" data-element_type=\"widget\" data-e-type=\"widget\" data-widget_type=\"post-navigation.default\">\n\t\t\t\t<div class=\"elementor-widget-container\">\n\t\t\t\t\t\t\t<div class=\"elementor-post-navigation\" role=\"navigation\" aria-label=\"Berichtnavigatie\">\n\t\t\t<div class=\"elementor-post-navigation__prev elementor-post-navigation__link\">\n\t\t\t\t\t\t\t<\/div>\n\t\t\t\t\t\t<div class=\"elementor-post-navigation__next elementor-post-navigation__link\">\n\t\t\t\t<a href=\"https:\/\/jobboosterbenin.com\/nl\/presentation\/equipe\/\" rel=\"next\"><span class=\"elementor-post-navigation__link__next\"><span class=\"post-navigation__next--label\"><\/span><span class=\"post-navigation__next--title\">Notre \u00c9quipe<\/span><\/span><span class=\"post-navigation__arrow-wrapper post-navigation__arrow-next\"><i aria-hidden=\"true\" class=\"fas fa-angle-right\"><\/i><span class=\"elementor-screen-only\">Volgende<\/span><\/span><\/a>\t\t\t<\/div>\n\t\t<\/div>\n\t\t\t\t\t\t<\/div>\n\t\t\t\t<\/div>\n\t\t\t\t\t<\/div>\n\t\t<\/div>\n\t\t\t\t<div class=\"elementor-column elementor-col-50 elementor-top-column elementor-element elementor-element-d4c9b51\" data-id=\"d4c9b51\" data-element_type=\"column\" data-e-type=\"column\">\n\t\t\t<div class=\"elementor-widget-wrap elementor-element-populated\">\n\t\t\t\t\t\t<div class=\"elementor-element elementor-element-05b7b6a elementor-widget elementor-widget-image\" data-id=\"05b7b6a\" data-element_type=\"widget\" data-e-type=\"widget\" data-widget_type=\"image.default\">\n\t\t\t\t<div class=\"elementor-widget-container\">\n\t\t\t\t\t\t\t\t\t\t\t\t\t\t\t<img fetchpriority=\"high\" decoding=\"async\" width=\"800\" height=\"534\" src=\"https:\/\/jobboosterbenin.com\/wp-content\/uploads\/2022\/11\/MG_3671-1024x683.jpg\" class=\"attachment-large size-large wp-image-2658\" alt=\"\" srcset=\"https:\/\/jobboosterbenin.com\/wp-content\/uploads\/2022\/11\/MG_3671-1024x683.jpg 1024w, https:\/\/jobboosterbenin.com\/wp-content\/uploads\/2022\/11\/MG_3671-300x200.jpg 300w, https:\/\/jobboosterbenin.com\/wp-content\/uploads\/2022\/11\/MG_3671-768x512.jpg 768w, https:\/\/jobboosterbenin.com\/wp-content\/uploads\/2022\/11\/MG_3671-1536x1024.jpg 1536w, https:\/\/jobboosterbenin.com\/wp-content\/uploads\/2022\/11\/MG_3671-2048x1365.jpg 2048w, https:\/\/jobboosterbenin.com\/wp-content\/uploads\/2022\/11\/MG_3671-18x12.jpg 18w\" sizes=\"(max-width: 800px) 100vw, 800px\" \/>\t\t\t\t\t\t\t\t\t\t\t\t\t\t\t<\/div>\n\t\t\t\t<\/div>\n\t\t\t\t<section class=\"elementor-section elementor-inner-section elementor-element elementor-element-562a8cc elementor-section-boxed elementor-section-height-default elementor-section-height-default\" data-id=\"562a8cc\" data-element_type=\"section\" data-e-type=\"section\" data-settings=\"{&quot;sticky&quot;:&quot;top&quot;,&quot;sticky_on&quot;:[&quot;desktop&quot;],&quot;sticky_offset&quot;:20,&quot;sticky_parent&quot;:&quot;yes&quot;,&quot;sticky_effects_offset&quot;:0,&quot;sticky_anchor_link_offset&quot;:0}\">\n\t\t\t\t\t\t<div class=\"elementor-container elementor-column-gap-default\">\n\t\t\t\t\t<div class=\"elementor-column elementor-col-100 elementor-inner-column elementor-element elementor-element-c51b31d\" data-id=\"c51b31d\" data-element_type=\"column\" data-e-type=\"column\">\n\t\t\t<div class=\"elementor-widget-wrap elementor-element-populated\">\n\t\t\t\t\t\t<div class=\"elementor-element elementor-element-18cb8d1 elementor-widget elementor-widget-heading\" data-id=\"18cb8d1\" data-element_type=\"widget\" data-e-type=\"widget\" data-widget_type=\"heading.default\">\n\t\t\t\t<div class=\"elementor-widget-container\">\n\t\t\t\t\t<h2 class=\"elementor-heading-title elementor-size-default\">Contactez-nous!<\/h2>\t\t\t\t<\/div>\n\t\t\t\t<\/div>\n\t\t\t\t<div class=\"elementor-element elementor-element-a02da2f elementor-widget elementor-widget-text-editor\" data-id=\"a02da2f\" data-element_type=\"widget\" data-e-type=\"widget\" data-widget_type=\"text-editor.default\">\n\t\t\t\t<div class=\"elementor-widget-container\">\n\t\t\t\t\t\t\t\t\t<p>Nos services vous int\u00e9ressent ? Nous serons ravis de faire votre connaissance.<\/p>\t\t\t\t\t\t\t\t<\/div>\n\t\t\t\t<\/div>\n\t\t\t\t<div class=\"elementor-element elementor-element-15e3a35 elementor-icon-list--layout-traditional elementor-list-item-link-full_width elementor-widget elementor-widget-icon-list\" data-id=\"15e3a35\" data-element_type=\"widget\" data-e-type=\"widget\" data-widget_type=\"icon-list.default\">\n\t\t\t\t<div class=\"elementor-widget-container\">\n\t\t\t\t\t\t\t<ul class=\"elementor-icon-list-items\">\n\t\t\t\t\t\t\t<li class=\"elementor-icon-list-item\">\n\t\t\t\t\t\t\t\t\t\t\t<a href=\"tel:+229%2069%2012%2020%2012\" target=\"_blank\">\n\n\t\t\t\t\t\t\t\t\t\t\t\t<span class=\"elementor-icon-list-icon\">\n\t\t\t\t\t\t\t<i aria-hidden=\"true\" class=\"fas fa-phone-alt\"><\/i>\t\t\t\t\t\t<\/span>\n\t\t\t\t\t\t\t\t\t\t<span class=\"elementor-icon-list-text\">+229 69 12 20 12<\/span>\n\t\t\t\t\t\t\t\t\t\t\t<\/a>\n\t\t\t\t\t\t\t\t\t<\/li>\n\t\t\t\t\t\t\t\t<li class=\"elementor-icon-list-item\">\n\t\t\t\t\t\t\t\t\t\t\t<a href=\"mailto:contact.be@jobbooster-network.com\">\n\n\t\t\t\t\t\t\t\t\t\t\t\t<span class=\"elementor-icon-list-icon\">\n\t\t\t\t\t\t\t<i aria-hidden=\"true\" class=\"far fa-envelope-open\"><\/i>\t\t\t\t\t\t<\/span>\n\t\t\t\t\t\t\t\t\t\t<span class=\"elementor-icon-list-text\">contact.be@jobbooster-network.com<\/span>\n\t\t\t\t\t\t\t\t\t\t\t<\/a>\n\t\t\t\t\t\t\t\t\t<\/li>\n\t\t\t\t\t\t<\/ul>\n\t\t\t\t\t\t<\/div>\n\t\t\t\t<\/div>\n\t\t\t\t<div class=\"elementor-element elementor-element-49e49ff elementor-align-right elementor-widget__width-auto elementor-widget elementor-widget-button\" data-id=\"49e49ff\" data-element_type=\"widget\" data-e-type=\"widget\" data-widget_type=\"button.default\">\n\t\t\t\t<div class=\"elementor-widget-container\">\n\t\t\t\t\t\t\t\t\t<div class=\"elementor-button-wrapper\">\n\t\t\t\t\t<a class=\"elementor-button elementor-button-link elementor-size-md\" href=\"https:\/\/jobboosterbenin.com\/nl\/contact\/\">\n\t\t\t\t\t\t<span class=\"elementor-button-content-wrapper\">\n\t\t\t\t\t\t<span class=\"elementor-button-icon\">\n\t\t\t\t<i aria-hidden=\"true\" class=\"far fa-envelope-open\"><\/i>\t\t\t<\/span>\n\t\t\t\t\t\t\t\t\t<span class=\"elementor-button-text\">Page de contact<\/span>\n\t\t\t\t\t<\/span>\n\t\t\t\t\t<\/a>\n\t\t\t\t<\/div>\n\t\t\t\t\t\t\t\t<\/div>\n\t\t\t\t<\/div>\n\t\t\t\t\t<\/div>\n\t\t<\/div>\n\t\t\t\t\t<\/div>\n\t\t<\/section>\n\t\t\t\t\t<\/div>\n\t\t<\/div>\n\t\t\t\t\t<\/div>\n\t\t<\/section>\n\t\t\t\t<\/div>\n\t\t","protected":false},"excerpt":{"rendered":"<p>\u00a0 En savoir plus sur nous: Contactez-nous! Nos services vous int\u00e9ressent ? Nous serons ravis de faire votre connaissance. Page de contact<\/p>","protected":false},"author":1,"featured_media":2666,"parent":0,"menu_order":0,"comment_status":"closed","ping_status":"closed","template":"","meta":{"_acf_changed":false,"footnotes":""},"paginagroep":[32],"soort-pagina":[],"class_list":["post-35","page","type-page","status-publish","has-post-thumbnail","hentry","paginagroep-over-ons"],"acf":[],"_links":{"self":[{"href":"https:\/\/jobboosterbenin.com\/nl\/wp-json\/wp\/v2\/pages\/35","targetHints":{"allow":["GET"]}}],"collection":[{"href":"https:\/\/jobboosterbenin.com\/nl\/wp-json\/wp\/v2\/pages"}],"about":[{"href":"https:\/\/jobboosterbenin.com\/nl\/wp-json\/wp\/v2\/types\/page"}],"author":[{"embeddable":true,"href":"https:\/\/jobboosterbenin.com\/nl\/wp-json\/wp\/v2\/users\/1"}],"replies":[{"embeddable":true,"href":"https:\/\/jobboosterbenin.com\/nl\/wp-json\/wp\/v2\/comments?post=35"}],"version-history":[{"count":5,"href":"https:\/\/jobboosterbenin.com\/nl\/wp-json\/wp\/v2\/pages\/35\/revisions"}],"predecessor-version":[{"id":3132,"href":"https:\/\/jobboosterbenin.com\/nl\/wp-json\/wp\/v2\/pages\/35\/revisions\/3132"}],"wp:featuredmedia":[{"embeddable":true,"href":"https:\/\/jobboosterbenin.com\/nl\/wp-json\/wp\/v2\/media\/2666"}],"wp:attachment":[{"href":"https:\/\/jobboosterbenin.com\/nl\/wp-json\/wp\/v2\/media?parent=35"}],"wp:term":[{"taxonomy":"paginagroep","embeddable":true,"href":"https:\/\/jobboosterbenin.com\/nl\/wp-json\/wp\/v2\/paginagroep?post=35"},{"taxonomy":"soort-pagina","embeddable":true,"href":"https:\/\/jobboosterbenin.com\/nl\/wp-json\/wp\/v2\/soort-pagina?post=35"}],"curies":[{"name":"wp","href":"https:\/\/api.w.org\/{rel}","templated":true}]}}